{"id":3811,"date":"2020-06-26T09:57:53","date_gmt":"2020-06-26T07:57:53","guid":{"rendered":"https:\/\/www.grandricci.org\/mecenat\/"},"modified":"2020-07-28T16:54:59","modified_gmt":"2020-07-28T14:54:59","slug":"mecenat","status":"publish","type":"page","link":"https:\/\/www.grandricci.org\/zh-hant\/mecenat\/","title":{"rendered":"M\u00e9c\u00e9nat"},"content":{"rendered":"<div class=\"wpb-content-wrapper\"><p>[vc_section][vc_row][vc_column][vc_column_text]Et maintenant le sujet qui f\u00e2che mais aussi qui r\u00e9chauffe le c\u0153ur : le financement !<\/p>\n<p>Le Grand Ricci ne s&#8217;est en effet pas r\u00e9alis\u00e9 sans l&#8217;aide de tr\u00e8s nombreux amis, partenaires et m\u00e9c\u00e8nes tant publics que priv\u00e9s, fran\u00e7ais et \u00e9trangers que nous remercions ici du fond du c\u0153ur. Sans eux, rien n&#8217;aurait \u00e9t\u00e9 possible.<\/p>\n<p>Sans eux, encore, la poursuite des travaux et la r\u00e9alisation des importants projets en cours (dictionnaires sp\u00e9cialis\u00e9s de la m\u00e9decine traditionnelle chinoise et des inscriptions sur bronze) ne verront pas le jour.<\/p>\n<p><strong>Soutenez les travaux de l&#8217;Association Ricci contributifs des relations Occident-Chine et n&#8217;h\u00e9sitez pas \u00e0 utiliser <a href=\"https:\/\/www.grandricci.org\/contacts\/\">le formulaire de contact<\/a> pour des actions de m\u00e9c\u00e9nat.\u00a0<\/strong>[\/vc_column_text][\/vc_column][\/vc_row][vc_row][vc_column width=&#8221;2\/3&#8243;][stm_title title_tag=&#8221;h4&#8243; title_color=&#8221;custom&#8221; title=&#8221;Les partenaires&#8221; title_color_custom=&#8221;#cc9304&#8243;][\/stm_title][vc_column_text]Voici maintenant le nom des partenaires et des m\u00e9c\u00e8nes qui ont accompagn\u00e9 les travaux puis la publication du Grand Ricci sur papier de 1979 \u00e0 2001.<\/p>\n<p><i>En France :<\/i><br \/>\nCentre national du livre, Minist\u00e8re de l&#8217;\u00e9ducation nationale, Minist\u00e8re de la recherche, Minist\u00e8re des affaires \u00e9trang\u00e8res, R\u00e9gion Rh\u00f4ne-Alpes, Ville de Lyon, Ville de Paris, BNP Paribas, \u00c9lectricit\u00e9 de France, Groupe Dassault, Laboratoires Servier, Michelin, PSA Peugeot Citro\u00ebn, Sanofi Aventis, Thomson, Compagnie de J\u00e9sus &#8211; Province de France, \u00c9cole Fran\u00e7aise d&#8217;Acupuncture, Fondation Rumsey-Cartier.<\/p>\n<p><i>Dans d&#8217;autres pays :<\/i><br \/>\nMinist\u00e8re de l&#8217;\u00c9ducation Nationale de Taiwan, Conseil pour la Culture de Taiwan, Fondation Chiang Ching-Kuo, Compagnie de J\u00e9sus &#8211; Province de Chine, Rotary Club de Taipei, Fondation culturelle franco-chinoise, Banque des R\u00e8glements Internationaux, Fondation Charles L\u00e9opold Mayer, Horizon Trust Fondation, Les \u0152uvres pontificales missionnaires et l&#8217;Union pontificale missionnaire.<\/p>\n<p><i>Nos autres donateurs :<\/i><br \/>\n3P, Association Fran\u00e7aise d&#8217;Acupuncture, Carrefour Chine, Essilor Fondation Oriente, L&#8217;Or\u00e9al, Laboratoire Aguettant, Lafarge, Lagard\u00e8re, Matra Hachette, Ordre des Avocats (Barreau de Paris), Publicis China, Rh\u00f4ne-Poulenc, Roquette Fr\u00e8res, Schneider, Synth\u00e9labo, TotalFinaElf.[\/vc_column_text][\/vc_column][vc_column width=&#8221;1\/3&#8243;][vc_single_image image=&#8221;2590&#8243; img_size=&#8221;full&#8221;][\/vc_column][\/vc_row][vc_row][vc_column width=&#8221;1\/3&#8243;][vc_single_image image=&#8221;2581&#8243; img_size=&#8221;full&#8221;][\/vc_column][vc_column width=&#8221;2\/3&#8243;][vc_column_text]<b>Le Grand Ricci num\u00e9rique<\/b>\u00a0ne s\u2019est pas r\u00e9alis\u00e9 non plus sans un appel renouvel\u00e9 \u00e0 la g\u00e9n\u00e9rosit\u00e9 des uns et des autres \u00e0 qui nous faisions valoir, entre autres, deux arguments de poids :<\/p>\n<p>&#8211; Avec le Grand Ricci num\u00e9rique, la langue fran\u00e7aise sera dot\u00e9e d&#8217;un instrument pour l&#8217;heure sans \u00e9quivalent en aucune langue du monde, comme le Grand Ricci en papier est sans \u00e9quivalent dans les langues occidentales.<\/p>\n<p>&#8211; Le dictionnaire touche \u00e0 l&#8217;\u00e2me du peuple chinois qui d\u00e9borde d\u00e9sormais de ses fronti\u00e8res imp\u00e9riales et mao\u00efstes et occupe une place grandissante dans la g\u00e9ographie du monde. Le truchement formidable du Ricci est un pont vers le continent Chine qu&#8217;on ne peut plus ignorer sauf \u00e0 faire l&#8217;autruche et o\u00f9 on doit se faire des amis.<\/p>\n<p>Int\u00e9ress\u00e9s et convaincus, ils ont particip\u00e9 au financement d&#8217;une des grandes aventures intellectuelles du si\u00e8cle et rejoint ceux qui nous accompagnaient d\u00e9j\u00e0 dans ce d\u00e9fi !<\/p>\n<p>Ann\u00e9e de la France en Chine, ARVAL, Assembl\u00e9e nationale (R\u00e9serve parlementaire), Centre national du livre, Compagnie de J\u00e9sus, Province de France, Compagnie de J\u00e9sus, Province de Chine, Fondation BNP Paribas, Fondation EDF, Fondation Yves Rocher (pour la publication du Dictionnaire Ricci des Plantes de Chine), Gide Loyrette Nouel (pour la publication du dictionnaire Ricci de Droit), Maverlinn Ltd (Londres), Minist\u00e8re des affaires \u00e9trang\u00e8res, Oeuvres Pontificales Missionnaires, Publicis, Sanofi Aventis, Taiwan, Chiang Ching-Kuo Foundation, Taiwan, Council for Cultural Affairs (Wenjianhui).[\/vc_column_text][\/vc_column][\/vc_row][vc_row][vc_column width=&#8221;2\/3&#8243;][vc_column_text]<strong><i>Donateurs \u00e0 titre personnel, Mesdames et Messieurs :<\/i><\/strong><\/p>\n<p>Henri Claude de Bettignies, Kelvin Chan, Regina Li, Paul Liu, Bruno Mercier, Alain Patel, Nadine Sanchez, Robert Veillon<\/p>\n<p>L&#8217;Association Ricci remercie \u00e9galement ceux qui ont rendu possible l&#8217;organisation (Beaugeste Design, Marco Renisio\/Pylone Architects) et le transport (Gondrand) de l&#8217;exposition Ricci en Chine, pr\u00e9sent\u00e9e \u00e0 Shanghai, P\u00e9kin, Hong Kong et Macao en 2005 et 2006 sous le titre\u00a0<b>400 ans d&#8217;\u00e9changes culturels entre la Chine et l&#8217;Europe : L&#8217;histoire du Grand dictionnaire Ricci<\/b>.<\/p>\n<p>Elle exprime aussi sa reconnaissance envers les organisatrices et les donateurs de l&#8217;op\u00e9ration de parrainage des caract\u00e8res du Grand Ricci.<\/p>\n<p>Pour la pr\u00e9sentation du DVD du grand Ricci num\u00e9rique au Mus\u00e9e de Shanghai, l\u2019Association remercie de tout c\u0153ur BNP Paribas, EDF, Herm\u00e8s, Sofitel, Maverlinn Ltd, Aklea, Gondrand Ltd, Byzance productions, Beaugeste Design, World Events Agency, Mus\u00e9e de Shanghai, Institut Italien de Culture \u00e0 Shanghai, AZ Cultural Shanghai, Margo Renisio, Ambassade de France en Chine.[\/vc_column_text][\/vc_column][vc_column width=&#8221;1\/3&#8243;][vc_single_image image=&#8221;2583&#8243; img_size=&#8221;full&#8221;][\/vc_column][\/vc_row][\/vc_section]<\/p>\n<\/div>","protected":false},"excerpt":{"rendered":"<p>[vc_section][vc_row][vc_column][vc_column_text]Et maint [&hellip;]<\/p>\n","protected":false},"author":1,"featured_media":0,"parent":0,"menu_order":0,"comment_status":"closed","ping_status":"closed","template":"","meta":{"footnotes":""},"class_list":["post-3811","page","type-page","status-publish","hentry"],"_links":{"self":[{"href":"https:\/\/www.grandricci.org\/zh-hant\/wp-json\/wp\/v2\/pages\/3811","targetHints":{"allow":["GET"]}}],"collection":[{"href":"https:\/\/www.grandricci.org\/zh-hant\/wp-json\/wp\/v2\/pages"}],"about":[{"href":"https:\/\/www.grandricci.org\/zh-hant\/wp-json\/wp\/v2\/types\/page"}],"author":[{"embeddable":true,"href":"https:\/\/www.grandricci.org\/zh-hant\/wp-json\/wp\/v2\/users\/1"}],"replies":[{"embeddable":true,"href":"https:\/\/www.grandricci.org\/zh-hant\/wp-json\/wp\/v2\/comments?post=3811"}],"version-history":[{"count":1,"href":"https:\/\/www.grandricci.org\/zh-hant\/wp-json\/wp\/v2\/pages\/3811\/revisions"}],"predecessor-version":[{"id":3827,"href":"https:\/\/www.grandricci.org\/zh-hant\/wp-json\/wp\/v2\/pages\/3811\/revisions\/3827"}],"wp:attachment":[{"href":"https:\/\/www.grandricci.org\/zh-hant\/wp-json\/wp\/v2\/media?parent=3811"}],"curies":[{"name":"wp","href":"https:\/\/api.w.org\/{rel}","templated":true}]}}