{"id":3806,"date":"2020-06-26T09:57:40","date_gmt":"2020-06-26T07:57:40","guid":{"rendered":"https:\/\/www.grandricci.org\/la-lettre-cidian\/"},"modified":"2020-07-28T16:54:54","modified_gmt":"2020-07-28T14:54:54","slug":"la-lettre-cidian","status":"publish","type":"page","link":"https:\/\/www.grandricci.org\/zh-hant\/la-lettre-cidian\/","title":{"rendered":"La Lettre Cidian"},"content":{"rendered":"<div class=\"wpb-content-wrapper\"><p>[vc_section][vc_row][vc_column][vc_column_text]L&#8217;Association diffuse une newsletter r\u00e9guli\u00e8re (enfin&#8230; assez r\u00e9guli\u00e8re) qui offre une vue panoramique sur la vie de l\u2019association.<\/p>\n<p>Pour vous abonner \u00e0 notre lettre de nouvelles, inscrivez-vous en remplissant <a href=\"https:\/\/www.grandricci.org\/contacts\/\">ce formulaire<\/a>[\/vc_column_text][vc_column_text]<a href=\"https:\/\/www.grandricci.org\/wp-content\/uploads\/2020\/06\/Cidian21-mars-20.pdf\" target=\"_blank\" rel=\"noopener noreferrer\">Cidian 21 &#8211; Mars 2020<\/a><\/p>\n<p><a href=\"https:\/\/www.grandricci.org\/wp-content\/uploads\/2020\/06\/cidian20.pdf\" target=\"_blank\" rel=\"noopener noreferrer\">Cidian 20 &#8211; Mars 2019<\/a><\/p>\n<p><a href=\"https:\/\/www.grandricci.org\/wp-content\/uploads\/2020\/06\/cidian19.pdf\" target=\"_blank\" rel=\"noopener noreferrer\">Cidian 19 &#8211; Fevrier 2018<\/a><\/p>\n<p><a href=\"https:\/\/www.grandricci.org\/wp-content\/uploads\/2020\/06\/cidian18.pdf\" target=\"_blank\" rel=\"noopener noreferrer\">Cidian 18 &#8211; Avril 2017<\/a><\/p>\n<p><a href=\"https:\/\/www.grandricci.org\/wp-content\/uploads\/2020\/06\/cidian17.pdf\" target=\"_blank\" rel=\"noopener noreferrer\">Cidian 17 &#8211; Mars 2016<\/a><\/p>\n<p><a href=\"https:\/\/www.grandricci.org\/wp-content\/uploads\/2020\/06\/cidian16.pdf\" target=\"_blank\" rel=\"noopener noreferrer\">Cidian 16 &#8211; Janvier 2015<\/a><\/p>\n<p><a href=\"https:\/\/www.grandricci.org\/wp-content\/uploads\/2020\/06\/cidian15.pdf\" target=\"_blank\" rel=\"noopener noreferrer\">Cidian 15 &#8211; Janvier 2014<\/a><\/p>\n<p><a href=\"https:\/\/www.grandricci.org\/wp-content\/uploads\/2020\/06\/cidian14.pdf\" target=\"_blank\" rel=\"noopener noreferrer\">Cidian 14 &#8211; Janvier 2013<\/a><\/p>\n<p><a href=\"https:\/\/www.grandricci.org\/wp-content\/uploads\/2020\/06\/cidian13.pdf\" target=\"_blank\" rel=\"noopener noreferrer\">Cidian 13 &#8211; Janvier 2012<\/a><\/p>\n<p><a href=\"https:\/\/www.grandricci.org\/wp-content\/uploads\/2020\/06\/cidian12.pdf\" target=\"_blank\" rel=\"noopener noreferrer\">Cidian 12 &#8211; Janvier 2011<\/a><\/p>\n<p><a href=\"https:\/\/www.grandricci.org\/wp-content\/uploads\/2020\/07\/cidian11-fev-10.pdf\" target=\"_blank\" rel=\"noopener noreferrer\">Cidian11- Fevrier 2010<\/a><\/p>\n<p><a href=\"https:\/\/www.grandricci.org\/wp-content\/uploads\/2020\/06\/cidian10.pdf\" target=\"_blank\" rel=\"noopener noreferrer\">Cidian 10 &#8211; Janvier 2009<\/a><\/p>\n<p><a href=\"https:\/\/www.grandricci.org\/wp-content\/uploads\/2020\/06\/cidian9.pdf\" target=\"_blank\" rel=\"noopener noreferrer\">Cidian 9 &#8211; Mars 2008<\/a><\/p>\n<p><a href=\"https:\/\/www.grandricci.org\/wp-content\/uploads\/2020\/07\/cidian8-fev-07.pdf\" target=\"_blank\" rel=\"noopener noreferrer\">Cidian 8 &#8211; F\u00e9vrier 2007<\/a><\/p>\n<p><a href=\"https:\/\/www.grandricci.org\/wp-content\/uploads\/2020\/07\/cidian7-oct-06.pdf\" target=\"_blank\" rel=\"noopener noreferrer\">Cidian 7- Octobre 2006<\/a><\/p>\n<p><a href=\"https:\/\/www.grandricci.org\/wp-content\/uploads\/2020\/06\/cidian6.pdf\" target=\"_blank\" rel=\"noopener noreferrer\">Cidian 6 &#8211; Fevrier 2006<\/a><\/p>\n<p><a href=\"https:\/\/www.grandricci.org\/wp-content\/uploads\/2020\/06\/cidian5.pdf\" target=\"_blank\" rel=\"noopener noreferrer\">Cidian 5 &#8211; Octobre 2005<\/a><\/p>\n<p><a href=\"https:\/\/www.grandricci.org\/wp-content\/uploads\/2020\/06\/cidian4.pdf\" target=\"_blank\" rel=\"noopener noreferrer\">Cidian 4 &#8211; Avril 2005<\/a><\/p>\n<p><a href=\"https:\/\/www.grandricci.org\/wp-content\/uploads\/2020\/06\/cidian3.pdf\">Cidian 3 &#8211; Octobre 2004<\/a><\/p>\n<p><a href=\"https:\/\/www.grandricci.org\/wp-content\/uploads\/2020\/07\/cidian2-janv-04.pdf\" target=\"_blank\" rel=\"noopener noreferrer\">Cidian2 &#8211; Janvier 2004<\/a><\/p>\n<p><a href=\"https:\/\/www.grandricci.org\/wp-content\/uploads\/2020\/06\/cidian1.pdf\" target=\"_blank\" rel=\"noopener noreferrer\">Cidian 1 &#8211; Juin 2003<\/a>[\/vc_column_text][\/vc_column][\/vc_row][\/vc_section]<\/p>\n<\/div>","protected":false},"excerpt":{"rendered":"<p>[vc_section][vc_row][vc_column][vc_column_text]L&#8217; [&hellip;]<\/p>\n","protected":false},"author":1,"featured_media":0,"parent":0,"menu_order":0,"comment_status":"closed","ping_status":"closed","template":"","meta":{"footnotes":""},"class_list":["post-3806","page","type-page","status-publish","hentry"],"_links":{"self":[{"href":"https:\/\/www.grandricci.org\/zh-hant\/wp-json\/wp\/v2\/pages\/3806","targetHints":{"allow":["GET"]}}],"collection":[{"href":"https:\/\/www.grandricci.org\/zh-hant\/wp-json\/wp\/v2\/pages"}],"about":[{"href":"https:\/\/www.grandricci.org\/zh-hant\/wp-json\/wp\/v2\/types\/page"}],"author":[{"embeddable":true,"href":"https:\/\/www.grandricci.org\/zh-hant\/wp-json\/wp\/v2\/users\/1"}],"replies":[{"embeddable":true,"href":"https:\/\/www.grandricci.org\/zh-hant\/wp-json\/wp\/v2\/comments?post=3806"}],"version-history":[{"count":1,"href":"https:\/\/www.grandricci.org\/zh-hant\/wp-json\/wp\/v2\/pages\/3806\/revisions"}],"predecessor-version":[{"id":3824,"href":"https:\/\/www.grandricci.org\/zh-hant\/wp-json\/wp\/v2\/pages\/3806\/revisions\/3824"}],"wp:attachment":[{"href":"https:\/\/www.grandricci.org\/zh-hant\/wp-json\/wp\/v2\/media?parent=3806"}],"curies":[{"name":"wp","href":"https:\/\/api.w.org\/{rel}","templated":true}]}}