{"id":3800,"date":"2020-06-26T09:58:04","date_gmt":"2020-06-26T07:58:04","guid":{"rendered":"https:\/\/www.grandricci.org\/contacts\/"},"modified":"2020-07-29T12:14:34","modified_gmt":"2020-07-29T10:14:34","slug":"contacts","status":"publish","type":"page","link":"https:\/\/www.grandricci.org\/zh-hant\/contacts\/","title":{"rendered":"Contacts"},"content":{"rendered":"<div class=\"wpb-content-wrapper\"><p>[vc_section][vc_row][vc_column width=&#8221;1\/3&#8243;][\/vc_column][vc_column width=&#8221;1\/3&#8243;][vc_column_text]<\/p>\n<p style=\"text-align: center;\"><b>Si\u00e8ge social :<\/b><br \/>\n35 bis, rue de S\u00e8vres<br \/>\n75006 Paris<\/p>\n<p>[\/vc_column_text][\/vc_column][vc_column width=&#8221;1\/3&#8243;][\/vc_column][\/vc_row][vc_row][vc_column][vc_row_inner][vc_column_inner][stm_title title_tag=&#8221;h2&#8243; title_color=&#8221;custom&#8221; title=&#8221;Correction du Grand Ricci&#8221; title_color_custom=&#8221;#cc9304&#8243;][\/stm_title][vc_column_text]Depuis la mise sur pied du Grand Ricci perp\u00e9tuel (une base des donn\u00e9es du dictionnaire dot\u00e9e d\u2019une interface de gestion) pr\u00e9sent\u00e9 lors de la conf\u00e9rence de son 20\u00e8me anniversaire, le 20 octobre 2007, l&#8217;Association invite les sinologues \u00e0 participer \u00e0 la correction et \u00e0 l\u2019enrichissement des donn\u00e9es du Grand Ricci.<\/p>\n<p>Ils peuvent envoyer par email ou courrier, avec le nom de l\u2019auteur et \u00e9ventuellement ses r\u00e9f\u00e9rences :<\/p>\n<p>&#8211; des erreurs de toutes sortes (y compris d\u2019\u00e9dition) constat\u00e9es \u00e0 l\u2019occasion dans le\u00a0<i>Grand Ricci<\/i>.<br \/>\n&#8211; des propositions de correction sinologique sur des entr\u00e9es existantes.<br \/>\n&#8211; des propositions d\u2019ajouts d\u2019une entr\u00e9e ou d\u2019un sens dans une entr\u00e9e existante ; une expression que l\u2019on aurait aim\u00e9 trouver dans le Grand Ricci, qui n\u2019y \u00e9tait pas et dont on est certain du sens ; ou bien un sens existant pour une expression et qui ne figure pas parmi ceux existant dans l\u2019entr\u00e9e du\u00a0<i>Grand Ricci<\/i>.[\/vc_column_text][\/vc_column_inner][\/vc_row_inner][vc_row_inner][vc_column_inner width=&#8221;1\/3&#8243;][\/vc_column_inner][vc_column_inner width=&#8221;1\/3&#8243;][vc_column_text]<\/p>\n<p style=\"text-align: center;\"><strong>Les adresses d\u2019envoi sont :<\/strong><\/p>\n<p style=\"text-align: center;\">&#8211; par lettre :<br \/>\n<i>Association Ricci<br \/>\n35 bis, rue de S\u00e8vres<br \/>\n75006 Paris<br \/>\n<\/i><\/p>\n<p style=\"text-align: center;\">&#8211; ou par courriel :<\/p>\n<p>[\/vc_column_text][\/vc_column_inner][vc_column_inner width=&#8221;1\/3&#8243;][\/vc_column_inner][\/vc_row_inner][\/vc_column][\/vc_row][vc_row el_class=&#8221;contact-form_row&#8221;][vc_column width=&#8221;1\/3&#8243;][\/vc_column][vc_column width=&#8221;1\/3&#8243; el_class=&#8221;contact-form_column&#8221;][stm_title title_tag=&#8221;h3&#8243; title_align=&#8221;center&#8221; title_color=&#8221;custom&#8221; title=&#8221;Formulaire de contact&#8221; title_color_custom=&#8221;#cc9304&#8243;][\/stm_title]\n<div class=\"wpcf7 no-js\" id=\"wpcf7-f5-o1\" lang=\"fr-FR\" dir=\"ltr\" data-wpcf7-id=\"5\">\n<div class=\"screen-reader-response\"><p role=\"status\" aria-live=\"polite\" aria-atomic=\"true\"><\/p> <ul><\/ul><\/div>\n<form action=\"\/zh-hant\/wp-json\/wp\/v2\/pages\/3800#wpcf7-f5-o1\" method=\"post\" class=\"wpcf7-form init\" aria-label=\"Formulaire de contact\" novalidate=\"novalidate\" data-status=\"init\">\n<fieldset class=\"hidden-fields-container\"><input type=\"hidden\" name=\"_wpcf7\" value=\"5\" \/><input type=\"hidden\" name=\"_wpcf7_version\" value=\"6.1.2\" \/><input type=\"hidden\" name=\"_wpcf7_locale\" value=\"fr_FR\" \/><input type=\"hidden\" name=\"_wpcf7_unit_tag\" value=\"wpcf7-f5-o1\" \/><input type=\"hidden\" name=\"_wpcf7_container_post\" value=\"0\" \/><input type=\"hidden\" name=\"_wpcf7_posted_data_hash\" value=\"\" \/>\n<\/fieldset>\n<p><label> Votre nom (obligatoire)<\/label><br \/>\n<span class=\"wpcf7-form-control-wrap\" data-name=\"your-name\"><input size=\"40\" maxlength=\"400\" class=\"wpcf7-form-control wpcf7-text wpcf7-validates-as-required\" aria-required=\"true\" aria-invalid=\"false\" value=\"\" type=\"text\" name=\"your-name\" \/><\/span>\n<\/p>\n<p><label> Votre adresse de messagerie (obligatoire)<\/label><br \/>\n<span class=\"wpcf7-form-control-wrap\" data-name=\"your-email\"><input size=\"40\" maxlength=\"400\" class=\"wpcf7-form-control wpcf7-email wpcf7-validates-as-required wpcf7-text wpcf7-validates-as-email\" aria-required=\"true\" aria-invalid=\"false\" value=\"\" type=\"email\" name=\"your-email\" \/><\/span>\n<\/p>\n<p><label> Objet<\/label><br \/>\n<span class=\"wpcf7-form-control-wrap\" data-name=\"your-subject\"><input size=\"40\" maxlength=\"400\" class=\"wpcf7-form-control wpcf7-text\" aria-invalid=\"false\" value=\"\" type=\"text\" name=\"your-subject\" \/><\/span>\n<\/p>\n<p><label> Votre message<\/label><br \/>\n<span class=\"wpcf7-form-control-wrap\" data-name=\"your-message\"><textarea cols=\"40\" rows=\"10\" maxlength=\"2000\" class=\"wpcf7-form-control wpcf7-textarea\" aria-invalid=\"false\" name=\"your-message\"><\/textarea><\/span>\n<\/p>\n<!--<p>[recaptcha]<\/p>-->\n<p><input class=\"wpcf7-form-control wpcf7-submit has-spinner\" type=\"submit\" value=\"Envoyer\" \/>\n<\/p>\n<p class='kifopa'><span class=\"wpcf7-form-control-wrap\" data-name=\"kifopa\"><input size=\"40\" maxlength=\"400\" class=\"wpcf7-form-control wpcf7-text\" aria-invalid=\"false\" value=\"\" type=\"text\" name=\"kifopa\" \/><\/span>\n<\/p>\n<p class='nuzoxu'><span class=\"wpcf7-form-control-wrap\" data-name=\"nuzoxu\"><input size=\"40\" maxlength=\"400\" class=\"wpcf7-form-control wpcf7-text\" aria-invalid=\"false\" value=\"\" type=\"text\" name=\"nuzoxu\" \/><\/span>\n<\/p>\n<p class='hokawa'><span class=\"wpcf7-form-control-wrap\" data-name=\"hokawa\"><input size=\"40\" maxlength=\"400\" class=\"wpcf7-form-control wpcf7-text\" aria-invalid=\"false\" value=\"\" type=\"text\" name=\"hokawa\" \/><\/span>\n<\/p>\n<p class='sonitu'><span class=\"wpcf7-form-control-wrap\" data-name=\"sonitu\"><input size=\"40\" maxlength=\"400\" class=\"wpcf7-form-control wpcf7-text\" aria-invalid=\"false\" value=\"\" type=\"text\" name=\"sonitu\" \/><\/span>\n<\/p><p style=\"display: none !important;\" class=\"akismet-fields-container\" data-prefix=\"_wpcf7_ak_\"><label>&#916;<textarea name=\"_wpcf7_ak_hp_textarea\" cols=\"45\" rows=\"8\" maxlength=\"100\"><\/textarea><\/label><input type=\"hidden\" id=\"ak_js_1\" name=\"_wpcf7_ak_js\" value=\"238\"\/><script>document.getElementById( \"ak_js_1\" ).setAttribute( \"value\", ( new Date() ).getTime() );<\/script><\/p><div class=\"wpcf7-response-output\" aria-hidden=\"true\"><\/div>\n<\/form>\n<\/div>\n[\/vc_column][vc_column width=&#8221;1\/3&#8243;][\/vc_column][\/vc_row][\/vc_section]<\/p>\n<\/div>","protected":false},"excerpt":{"rendered":"<p>[vc_section][vc_row][vc_column width=&#8221;1\/3&#8243;] [&hellip;]<\/p>\n","protected":false},"author":1,"featured_media":0,"parent":0,"menu_order":0,"comment_status":"closed","ping_status":"closed","template":"","meta":{"footnotes":""},"class_list":["post-3800","page","type-page","status-publish","hentry"],"_links":{"self":[{"href":"https:\/\/www.grandricci.org\/zh-hant\/wp-json\/wp\/v2\/pages\/3800","targetHints":{"allow":["GET"]}}],"collection":[{"href":"https:\/\/www.grandricci.org\/zh-hant\/wp-json\/wp\/v2\/pages"}],"about":[{"href":"https:\/\/www.grandricci.org\/zh-hant\/wp-json\/wp\/v2\/types\/page"}],"author":[{"embeddable":true,"href":"https:\/\/www.grandricci.org\/zh-hant\/wp-json\/wp\/v2\/users\/1"}],"replies":[{"embeddable":true,"href":"https:\/\/www.grandricci.org\/zh-hant\/wp-json\/wp\/v2\/comments?post=3800"}],"version-history":[{"count":2,"href":"https:\/\/www.grandricci.org\/zh-hant\/wp-json\/wp\/v2\/pages\/3800\/revisions"}],"predecessor-version":[{"id":3867,"href":"https:\/\/www.grandricci.org\/zh-hant\/wp-json\/wp\/v2\/pages\/3800\/revisions\/3867"}],"wp:attachment":[{"href":"https:\/\/www.grandricci.org\/zh-hant\/wp-json\/wp\/v2\/media?parent=3800"}],"curies":[{"name":"wp","href":"https:\/\/api.w.org\/{rel}","templated":true}]}}