{"id":3255,"date":"2020-06-26T09:50:21","date_gmt":"2020-06-26T07:50:21","guid":{"rendered":"https:\/\/www.grandricci.org\/lenrichissement\/"},"modified":"2020-07-28T16:13:20","modified_gmt":"2020-07-28T14:13:20","slug":"lenrichissement","status":"publish","type":"page","link":"https:\/\/www.grandricci.org\/en\/lenrichissement\/","title":{"rendered":"Benification"},"content":{"rendered":"<div class=\"wpb-content-wrapper\"><p>[vc_section][vc_row][vc_column width=&#8221;2\/3&#8243;][stm_title title_tag=&#8221;h2&#8243; title_color=&#8221;custom&#8221; title=&#8221;Enrichissement de la base de donn\u00e9es du Ricci perp\u00e9tuel&#8221; title_color_custom=&#8221;#cc9304&#8243;][\/stm_title][vc_column_text]L&#8217;Association a \u00e9tabli une coop\u00e9ration avec l&#8217;Ecole sup\u00e9rieure d&#8217;Interpr\u00e8tes et de Traducteurs (<a href=\"http:\/\/www.univ-paris3.fr\/esit\/\" target=\"_blank\" rel=\"noopener noreferrer\">ESIT, Sorbonne Nouvelle Paris 3<\/a>).<\/p>\n<p>A travers une s\u00e9rie de conventions de stages avec des \u00e9tudiants de l&#8217;ESIT, l&#8217;Association proc\u00e8de \u00e0 l&#8217;extraction du vocabulaire technique chinois sp\u00e9cialis\u00e9, \u00e9tudi\u00e9 et v\u00e9rifi\u00e9 dans les m\u00e9moires d\u2019\u00e9tudes, que l&#8217;\u00e9cole met \u00e0 sa disposition.<\/p>\n<p>Elle le met aux normes lexicographiques qui en permettront, ult\u00e9rieurement, l\u2019int\u00e9gration dans la base de donn\u00e9es du\u00a0<a href=\"https:\/\/www.grandricci.org\/le-ricci-perpetuel\/\" target=\"_blank\" rel=\"noopener noreferrer\">Ricci perp\u00e9tuel<\/a>.<\/p>\n<p>Au fur et \u00e0 mesure de l&#8217;ach\u00e8vement de ces travaux, le r\u00e9sultat en est publi\u00e9 sur cette page, sous la forme d&#8217;un fichier pdf.<\/p>\n<p>\u00c0 titre d&#8217;exemple, l&#8217;Association donne ici\u00a0<a href=\"https:\/\/www.grandricci.org\/wp-content\/uploads\/2020\/07\/enrichissement_rapportdestage_liuxiaotang.pdf\" target=\"_blank\" rel=\"noopener noreferrer\">le rapport<\/a>\u00a0que Madame LIU Xiao Tang fit de son stage effectu\u00e9 du 1er f\u00e9vrier au 15 mars 2011.[\/vc_column_text][\/vc_column][vc_column width=&#8221;1\/3&#8243;][vc_single_image image=&#8221;2575&#8243; img_size=&#8221;full&#8221;][\/vc_column][\/vc_row][vc_row][vc_column width=&#8221;1\/2&#8243;][vc_column_text]<b>Vocabulaire relatif au soja<\/b><br \/>\nExtrait du m\u00e9moire soutenu \u00e0 l&#8217;E.S.I.T. par Monsieur Wu Bo, en juin 2010.<br \/>\nMise en ligne du 24\/02\/2011<br \/>\nVersion en\u00a0<a href=\"https:\/\/www.grandricci.org\/wp-content\/uploads\/2020\/07\/enrichissement_soja_simplifie.pdf\" target=\"_blank\" rel=\"noopener noreferrer\">caract\u00e8res simplifi\u00e9s<\/a>\u00a0ou en\u00a0<a href=\"https:\/\/www.grandricci.org\/wp-content\/uploads\/2020\/07\/enrichissement_soja_traditionnel.pdf\" target=\"_blank\" rel=\"noopener noreferrer\">caract\u00e8res traditionnels<\/a>.<\/p>\n<p><b>Vocabulaire relatif \u00e0 la laine de verre<\/b><br \/>\nExtrait du m\u00e9moire soutenu \u00e0 l\u2019E.S.I.T. par Monsieur Liang Shuang, en juin 2010.<br \/>\nMise en ligne du 08\/04\/2011<br \/>\nVersion en\u00a0<a href=\"https:\/\/www.grandricci.org\/wp-content\/uploads\/2020\/07\/enrichissement_lainedeverre_simplifie.pdf\" target=\"_blank\" rel=\"noopener noreferrer\">caract\u00e8res simplifi\u00e9s<\/a>.<\/p>\n<p><b>Vocabulaire relatif \u00e0 l\u2019arch\u00e9ologie subaquatique<\/b><br \/>\nExtrait du m\u00e9moire soutenu \u00e0 l&#8217;E.S.I.T. par Madame Fang-Jeng Ou, en juin 2010.<br \/>\nMise en ligne du 08\/04\/2011<br \/>\nVersion en\u00a0<a href=\"https:\/\/www.grandricci.org\/wp-content\/uploads\/2020\/07\/enrichissement_archeologiesubaquatique_simplifie.pdf\" target=\"_blank\" rel=\"noopener noreferrer\">caract\u00e8res simplifi\u00e9s<\/a>.<\/p>\n<p><b>Vocabulaire relatif aux politiques d\u00e9mographiques<\/b><br \/>\nExtrait du m\u00e9moire soutenu \u00e0 l&#8217;E.S.I.T. par Madame Camille Richou, en juin 2010.<br \/>\nMise en ligne du 18\/05\/2011<br \/>\nVersion en\u00a0<a href=\"https:\/\/www.grandricci.org\/wp-content\/uploads\/2020\/07\/enrichissement_politiquesdemographiques_simplifie.pdf\" target=\"_blank\" rel=\"noopener noreferrer\">caract\u00e8res simplifi\u00e9s<\/a>.<\/p>\n<p><b>Vocabulaire relatif au mobilier<\/b><br \/>\nExtrait du m\u00e9moire soutenu \u00e0 l&#8217;E.S.I.T. par Madame Jie Xu, en juin 2009.<br \/>\nMise en ligne du 31\/05\/2011<br \/>\nVersion en\u00a0<a href=\"https:\/\/www.grandricci.org\/wp-content\/uploads\/2020\/07\/enrichissement_mobilier_simplifie.pdf\" target=\"_blank\" rel=\"noopener noreferrer\">caract\u00e8res simplifi\u00e9s<\/a>.<\/p>\n<p><b>Vocabulaire relatif aux moteurs automobiles<\/b><br \/>\nExtrait du m\u00e9moire soutenu \u00e0 l&#8217;E.S.I.T. par Madame Ping Cai, en septembre 2005.<br \/>\nMise en ligne du 31\/05\/2011<br \/>\nVersion en\u00a0<a href=\"https:\/\/www.grandricci.org\/wp-content\/uploads\/2020\/07\/enrichissement_moteursautomobiles_simplifie.pdf\" target=\"_blank\" rel=\"noopener noreferrer\">caract\u00e8res simplifi\u00e9s<\/a>.<\/p>\n<p><b>Vocabulaire relatif \u00e0 la r\u00e9cup\u00e9ration et au recyclage du papier<\/b><br \/>\nExtrait du m\u00e9moire soutenu \u00e0 l&#8217;E.S.I.T. par Mademoiselle Wang Cunmiao, en juin 2010.<br \/>\nMise en ligne du 31\/05\/2011<br \/>\nVersion en\u00a0<a href=\"https:\/\/www.grandricci.org\/wp-content\/uploads\/2020\/07\/enrichissement_recyclagepapier_simplifie.pdf\" target=\"_blank\" rel=\"noopener noreferrer\">caract\u00e8res simplifi\u00e9s<\/a>.[\/vc_column_text][\/vc_column][vc_column width=&#8221;1\/2&#8243;][vc_column_text]<b>Vocabulaire relatif \u00e0 l\u2019assurance-vie<\/b><br \/>\nExtrait du m\u00e9moire soutenu \u00e0 l&#8217;E.S.I.T. par Madame Dai Tong, en juin 2007.<br \/>\nMise en ligne du 15\/12\/2011<br \/>\nVersion en\u00a0<a href=\"https:\/\/www.grandricci.org\/wp-content\/uploads\/2020\/07\/enrichissement_assurancevie_simplifie.pdf\" target=\"_blank\" rel=\"noopener noreferrer\">caract\u00e8res simplifi\u00e9s<\/a>\u00a0ou en\u00a0<a href=\"https:\/\/www.grandricci.org\/wp-content\/uploads\/2020\/07\/enrichissement_assurancevie_traditionnel.pdf\" target=\"_blank\" rel=\"noopener noreferrer\">caract\u00e8res traditionnels<\/a>.<\/p>\n<p><b>Vocabulaire relatif \u00e0 la g\u00e9othermie<\/b><br \/>\nExtrait du m\u00e9moire soutenu \u00e0 l&#8217;E.S.I.T. par Madame Lih-ling Chern, en juin 2010.<br \/>\nMise en ligne du 15\/12\/2011<br \/>\nVersion en\u00a0<a href=\"https:\/\/www.grandricci.org\/wp-content\/uploads\/2020\/07\/enrichissement_geothermie_traditionnel.pdf\" target=\"_blank\" rel=\"noopener noreferrer\">caract\u00e8res traditionnels<\/a>.<\/p>\n<p><b>Vocabulaire relatif \u00e0 l\u2019amiante et \u00e0 la sant\u00e9 publique<\/b><br \/>\nExtrait du m\u00e9moire soutenu \u00e0 l&#8217;E.S.I.T. par Madame Qing Wen, en juin 2009.<br \/>\nMise en ligne du 01\/01\/2012<br \/>\nVersion en\u00a0<a href=\"https:\/\/www.grandricci.org\/wp-content\/uploads\/2020\/07\/enrichissement_amiantesantepublique_simplifie.pdf\" target=\"_blank\" rel=\"noopener noreferrer\">caract\u00e8res simplifi\u00e9s<\/a>\u00a0ou en\u00a0<a href=\"https:\/\/www.grandricci.org\/wp-content\/uploads\/2020\/07\/enrichissement_amiantesantepublique_traditionnel.pdf\" target=\"_blank\" rel=\"noopener noreferrer\">caract\u00e8res traditionnels<\/a>.<\/p>\n<p><b>Vocabulaire relatif \u00e0 l\u2019architecture navale<\/b><br \/>\nExtrait du m\u00e9moire soutenu \u00e0 l&#8217;E.S.I.T. par Madame Zhang Zhenhua, en juin 2010.<br \/>\nMise en ligne du 01\/01\/2012<br \/>\nVersion en\u00a0<a href=\"https:\/\/www.grandricci.org\/wp-content\/uploads\/2020\/07\/enrichissement_architecturenavale_simplifie.pdf\" target=\"_blank\" rel=\"noopener noreferrer\">caract\u00e8res simplifi\u00e9s<\/a>.<\/p>\n<p><b>Vocabulaire relatif \u00e0 la peau hypersensible et allergique<\/b><br \/>\nExtrait du m\u00e9moire soutenu \u00e0 l&#8217;E.S.I.T. par Monsieur Wang Yaoqin, en septembre 2009.<br \/>\nMise en ligne du 29\/01\/2012<br \/>\nVersion en\u00a0<a href=\"https:\/\/www.grandricci.org\/wp-content\/uploads\/2020\/07\/enrichissement_peauhypersensible_simplifie.pdf\" target=\"_blank\" rel=\"noopener noreferrer\">caract\u00e8res simplifi\u00e9s<\/a>.<\/p>\n<p><b>Vocabulaire relatif au renforcement musculaire du sportif du haut niveau<\/b><br \/>\nExtrait du m\u00e9moire soutenu \u00e0 l&#8217;E.S.I.T. par Monsieur Sylvain Morestin, en juin 2010.<br \/>\nMise en ligne du 29\/01\/2012<br \/>\nVersion en\u00a0<a href=\"https:\/\/www.grandricci.org\/wp-content\/uploads\/2020\/07\/enrichissement_renforcementmusculaire_simplifie.pdf\" target=\"_blank\" rel=\"noopener noreferrer\">caract\u00e8res simplifi\u00e9s<\/a>.[\/vc_column_text][\/vc_column][\/vc_row][\/vc_section]<\/p>\n<\/div>","protected":false},"excerpt":{"rendered":"<p>[vc_section][vc_row][vc_column width=&#8221;2\/3&#8243;][stm_title title_tag=&#8221;h2&#8243; title_color=&#8221;custom&#8221; title=&#8221;Enrichissement de la base de donn\u00e9es du Ricci perp\u00e9tuel&#8221; title_color_custom=&#8221;#cc9304&#8243;][\/stm_title][vc_column_text]L&#8217;Association a \u00e9tabli une coop\u00e9ration avec l&#8217;Ecole sup\u00e9rieure d&#8217;Interpr\u00e8tes et de Traducteurs (ESIT, Sorbonne Nouvelle Paris 3). A travers une s\u00e9rie de conventions de stages avec des \u00e9tudiants de l&#8217;ESIT, l&#8217;Association proc\u00e8de \u00e0 l&#8217;extraction du vocabulaire technique chinois sp\u00e9cialis\u00e9, \u00e9tudi\u00e9 et v\u00e9rifi\u00e9 [&hellip;]<\/p>\n","protected":false},"author":1,"featured_media":0,"parent":0,"menu_order":0,"comment_status":"closed","ping_status":"closed","template":"","meta":{"footnotes":""},"class_list":["post-3255","page","type-page","status-publish","hentry"],"_links":{"self":[{"href":"https:\/\/www.grandricci.org\/en\/wp-json\/wp\/v2\/pages\/3255","targetHints":{"allow":["GET"]}}],"collection":[{"href":"https:\/\/www.grandricci.org\/en\/wp-json\/wp\/v2\/pages"}],"about":[{"href":"https:\/\/www.grandricci.org\/en\/wp-json\/wp\/v2\/types\/page"}],"author":[{"embeddable":true,"href":"https:\/\/www.grandricci.org\/en\/wp-json\/wp\/v2\/users\/1"}],"replies":[{"embeddable":true,"href":"https:\/\/www.grandricci.org\/en\/wp-json\/wp\/v2\/comments?post=3255"}],"version-history":[{"count":3,"href":"https:\/\/www.grandricci.org\/en\/wp-json\/wp\/v2\/pages\/3255\/revisions"}],"predecessor-version":[{"id":3677,"href":"https:\/\/www.grandricci.org\/en\/wp-json\/wp\/v2\/pages\/3255\/revisions\/3677"}],"wp:attachment":[{"href":"https:\/\/www.grandricci.org\/en\/wp-json\/wp\/v2\/media?parent=3255"}],"curies":[{"name":"wp","href":"https:\/\/api.w.org\/{rel}","templated":true}]}}