{"id":3252,"date":"2020-06-26T09:51:44","date_gmt":"2020-06-26T07:51:44","guid":{"rendered":"https:\/\/www.grandricci.org\/lassociation\/statuts\/"},"modified":"2020-07-28T15:20:14","modified_gmt":"2020-07-28T13:20:14","slug":"statuts","status":"publish","type":"page","link":"https:\/\/www.grandricci.org\/en\/lassociation\/statuts\/","title":{"rendered":"Statuts"},"content":{"rendered":"<div class=\"wpb-content-wrapper\"><p>[vc_section][vc_row][vc_column width=&#8221;1\/5&#8243;][\/vc_column][vc_column width=&#8221;3\/5&#8243;][vc_column_text]<\/p>\n<h2 style=\"text-align: center;\">Association Ricci pour le grand dictionnaire de la langue chinoise<\/h2>\n<p>[\/vc_column_text][vc_column_text]<\/p>\n<p style=\"text-align: center;\">Statuts modifi\u00e9s par l\u2019assembl\u00e9e g\u00e9n\u00e9rale extraordinaire du 26 juin 2020<\/p>\n<p>[\/vc_column_text][vc_column_text]<strong>Article 1 \u2013 Forme<\/strong><\/p>\n<p>L\u2019Association est une association r\u00e9gie par la loi du 1er juillet 1901 ayant pour d\u00e9nomination :<br \/>\nAssociation Ricci du grand dictionnaire de la langue chinoise<\/p>\n<p><strong>Article 2 &#8211; Objet social<\/strong><\/p>\n<p>L\u2019association a pour but de contribuer \u00e0 l\u2019exploitation, la mise \u00e0 jour et la diffusion du dictionnaire de la langue chinoise, dit \u00ab Le Grand Ricci \u00bb, et de ses donn\u00e9es par :<\/p>\n<ul>\n<li>L\u2019\u00e9dition et\/ou la r\u00e9\u00e9dition du dictionnaire en tout ou partie, en fran\u00e7ais ou toute autre<br \/>\nlangue,<\/li>\n<li>La publication d\u2019un c\u00e9d\u00e9rom et l\u2019actualisation de la base des donn\u00e9es<\/li>\n<li>L\u2019\u00e9dition de lexiques sp\u00e9cialis\u00e9s et dictionnaires th\u00e9matiques<\/li>\n<li>La protection des droits intellectuels et la signature de contrats de cession de droits,<\/li>\n<li>Toute autre action destin\u00e9e \u00e0 assurer la r\u00e9alisation de l\u2019objectif social.<\/li>\n<\/ul>\n<p>&nbsp;<\/p>\n<p><strong>Article 3- Si\u00e8ge social<\/strong><\/p>\n<p>Le si\u00e8ge social de l\u2019association est au Centre S\u00e8vres, 35 bis rue de S\u00e8vres \u00e0 75006 Paris (Transfert du 14 rue d\u2019Assas 75006 Paris par l\u2019AG du 9 juin 2017).<br \/>\nIl peut \u00eatre transf\u00e9r\u00e9 par simple d\u00e9cision du Conseil d\u2019administration (ci-apr\u00e8s le CA) qui en demande alors la ratification \u00e0 l\u2019assembl\u00e9e g\u00e9n\u00e9rale suivante (ci-apr\u00e8s l\u2019AG).<\/p>\n<p><strong>Article 4 &#8211; Composition<\/strong><\/p>\n<p>L&#8217;association se compose de membres actifs. Sont membres de droit les directeurs des Institut Ricci de Paris et de Taipei, et le Provincial de France de la Compagnie de J\u00e9sus (ou leurs repr\u00e9sentants)<\/p>\n<p><strong>Article 5 &#8211; Admission<\/strong><\/p>\n<p>Hors le cas des membres de droit ci-dessus pr\u00e9vus, il convient, pour faire partie de l&#8217;association, d\u2019\u00eatre agr\u00e9\u00e9 par le CA qui statue, lors de chacune de ses r\u00e9unions, sur les demandes d&#8217;admission pr\u00e9sent\u00e9es et en rend compte \u00e0 l\u2019AG<\/p>\n<p>.<br \/>\n<strong>Article 6 &#8211; Radiation<\/strong><\/p>\n<p>La qualit\u00e9 de membre se perd par le d\u00e9c\u00e8s, la d\u00e9mission ou la radiation, prononc\u00e9e par le CA pour motif grave, sauf dans le dernier cas pour les membres de droit ci-dessus pr\u00e9vus.<\/p>\n<p><strong>Article 7 &#8211; Ressources<\/strong><\/p>\n<p>Les ressources de l&#8217;association comprennent :<\/p>\n<ul>\n<li>les subventions de l&#8217;\u00c9tat et des autres collectivit\u00e9s publiques,<\/li>\n<li>le produit des activit\u00e9s que l&#8217;association m\u00e8ne pour la poursuite de son objet social et toute autre recette conforme \u00e0 la loi.<\/li>\n<\/ul>\n<p><strong>Article 8 &#8211; Conseil d&#8217;administration<\/strong><\/p>\n<p>L&#8217;association est dirig\u00e9e par un CA \u00e9lu pour un an par l\u2019AG. Les membres sont r\u00e9\u00e9ligibles.<\/p>\n<p>Sauf d\u00e9cision contraire de l\u2019AG, le CA est compos\u00e9 de :<br \/>\n1) Membres ex\u00e9cutifs permanents :<\/p>\n<ul>\n<li>un pr\u00e9sident<\/li>\n<li>un vice-pr\u00e9sident, secr\u00e9taire g\u00e9n\u00e9ral,<\/li>\n<li>un vice-pr\u00e9sident, tr\u00e9sorier,<\/li>\n<li>plusieurs vice-pr\u00e9sidents charg\u00e9s des relations avec les donateurs, subventionnaires et m\u00e9c\u00e8nes.<\/li>\n<\/ul>\n<p>2) Membre de droit :<\/p>\n<ul>\n<li>un membre de droit, obligatoirement le Provincial de France de la Compagnie de J\u00e9sus ou son repr\u00e9sentant.<\/li>\n<\/ul>\n<p>Les fonctions d&#8217;administrateur de l&#8217;association sont gratuites.<\/p>\n<p>La signature des comptes revient au pr\u00e9sident et \/ ou tr\u00e9sorier et\/ ou aux membres auxquels le CA consent d\u00e9l\u00e9gation de signature.<\/p>\n<p>Les membres ex\u00e9cutifs permanents se r\u00e9unissent r\u00e9guli\u00e8rement en bureau et g\u00e8rent l\u2019association.<\/p>\n<p>Pour toutes les questions qui rel\u00e8vent de l&#8217;objet de l&#8217;association, le CA est r\u00e9uni \u00e0 son complet et la voix du membre de droit (Art. 7, 2) doit alors figurer dans la majorit\u00e9 se pronon\u00e7ant sur les questions soumises au vote.<\/p>\n<p><strong>Article 9 &#8211; R\u00e9union du conseil d&#8217;administration<\/strong><br \/>\nLe CA se r\u00e9unit r\u00e9guli\u00e8rement en tant que de besoin et au moins une fois par an, sur convocation du pr\u00e9sident, ou sur la demande d\u2019au moins trois de ses membres. Le conseil d\u2019administration peut se r\u00e9unir par moyen \u00e9lectronique.<\/p>\n<p>Les d\u00e9cisions sont prises \u00e0 la majorit\u00e9 des voix ; en cas de partage, la voix du pr\u00e9sident est pr\u00e9pond\u00e9rante.<\/p>\n<p><strong>Article 10 &#8211; Assembl\u00e9e g\u00e9n\u00e9rale ordinaire<\/strong><br \/>\nL\u2019AG ordinaire comprend tous les membres de l&#8217;association. Elle se r\u00e9unit une fois par an.<br \/>\nQuinze jours au moins avant la date fix\u00e9e, les membres de l&#8217;association sont convoqu\u00e9s par les soins d\u2019un membre du CA. L\u2019AG ordinaire peut se r\u00e9unir par moyen \u00e9lectronique.<\/p>\n<p>L&#8217;ordre du jour est indiqu\u00e9 sur les convocations.<\/p>\n<p>Si un membre non-membre du Conseil souhaite inscrire une question \u00e0 l\u2019ordre du jour, il en saisit le pr\u00e9sident par courrier, courrier \u00e9lectronique ou fax en temps utile.<\/p>\n<p>Le pr\u00e9sident, assist\u00e9 des membres du CA, pr\u00e9side l&#8217;assembl\u00e9e et expose la situation morale de l&#8217;association.<\/p>\n<p>Le tr\u00e9sorier rend compte de sa gestion et soumet le bilan \u00e0 l&#8217;approbation de l&#8217;assembl\u00e9e.<\/p>\n<p>Il y est proc\u00e9d\u00e9 \u00e0 l\u2019\u00e9lection des membres du CA et \u00e0 la ratification de l\u2019acceptation desnouveaux membres.<\/p>\n<p><strong>Article 11 &#8211; Assembl\u00e9e g\u00e9n\u00e9rale extraordinaire<\/strong><\/p>\n<p>Si besoin est, le pr\u00e9sident peut convoquer une AG extraordinaire, suivant les modalit\u00e9s pr\u00e9vues \u00e0 l&#8217;article 9. L\u2019AG extraordinaire peut se r\u00e9unir par moyen \u00e9lectronique.<\/p>\n<p>L\u2019AG extraordinaire est seule comp\u00e9tente pour d\u00e9cider des changements de statuts ainsi que de la prorogation ou de la dissolution de l&#8217;association.<\/p>\n<p><strong>Article 12 &#8211; R\u00e8glement int\u00e9rieur<\/strong><\/p>\n<p>Un r\u00e8glement int\u00e9rieur peut \u00eatre \u00e9tabli par le CA qui le fait approuver par l\u2019AG. Ce r\u00e8glement peut fixer les divers points non pr\u00e9vus par les statuts, notamment ceux qui concernent l&#8217;administration interne de l&#8217;association.<\/p>\n<p><strong>Article 13 &#8211; et dernier &#8211; Dissolution<\/strong><br \/>\nEn cas de dissolution prononc\u00e9e par l\u2019AG extraordinaire, un ou plusieurs liquidateurs sont nomm\u00e9s par celle-ci et l&#8217;actif, s&#8217;il y a lieu et en accord avec la Compagnie de J\u00e9sus, est d\u00e9volu (conform\u00e9ment \u00e0 l&#8217;article 9 de la loi du 1er juillet 1901 et au d\u00e9cret du 16 ao\u00fbt 1901) \u00e0 une association poursuivant un objet similaire.[\/vc_column_text][\/vc_column][vc_column width=&#8221;1\/5&#8243;][\/vc_column][\/vc_row][\/vc_section]<\/p>\n<\/div>","protected":false},"excerpt":{"rendered":"<p>[vc_section][vc_row][vc_column width=&#8221;1\/5&#8243;][\/vc_column][vc_column width=&#8221;3\/5&#8243;][vc_column_text] Association Ricci pour le grand dictionnaire de la langue chinoise [\/vc_column_text][vc_column_text] Statuts modifi\u00e9s par l\u2019assembl\u00e9e g\u00e9n\u00e9rale extraordinaire du 26 juin 2020 [\/vc_column_text][vc_column_text]Article 1 \u2013 Forme L\u2019Association est une association r\u00e9gie par la loi du 1er juillet 1901 ayant pour d\u00e9nomination : Association Ricci du grand dictionnaire de la langue chinoise Article 2 [&hellip;]<\/p>\n","protected":false},"author":1,"featured_media":0,"parent":3068,"menu_order":0,"comment_status":"closed","ping_status":"closed","template":"","meta":{"footnotes":""},"class_list":["post-3252","page","type-page","status-publish","hentry"],"_links":{"self":[{"href":"https:\/\/www.grandricci.org\/en\/wp-json\/wp\/v2\/pages\/3252","targetHints":{"allow":["GET"]}}],"collection":[{"href":"https:\/\/www.grandricci.org\/en\/wp-json\/wp\/v2\/pages"}],"about":[{"href":"https:\/\/www.grandricci.org\/en\/wp-json\/wp\/v2\/types\/page"}],"author":[{"embeddable":true,"href":"https:\/\/www.grandricci.org\/en\/wp-json\/wp\/v2\/users\/1"}],"replies":[{"embeddable":true,"href":"https:\/\/www.grandricci.org\/en\/wp-json\/wp\/v2\/comments?post=3252"}],"version-history":[{"count":3,"href":"https:\/\/www.grandricci.org\/en\/wp-json\/wp\/v2\/pages\/3252\/revisions"}],"predecessor-version":[{"id":3517,"href":"https:\/\/www.grandricci.org\/en\/wp-json\/wp\/v2\/pages\/3252\/revisions\/3517"}],"up":[{"embeddable":true,"href":"https:\/\/www.grandricci.org\/en\/wp-json\/wp\/v2\/pages\/3068"}],"wp:attachment":[{"href":"https:\/\/www.grandricci.org\/en\/wp-json\/wp\/v2\/media?parent=3252"}],"curies":[{"name":"wp","href":"https:\/\/api.w.org\/{rel}","templated":true}]}}