{"id":3239,"date":"2016-09-05T13:57:26","date_gmt":"2016-09-05T11:57:26","guid":{"rendered":"https:\/\/www.grandricci.org\/lassociation\/histoire\/"},"modified":"2020-07-28T15:47:13","modified_gmt":"2020-07-28T13:47:13","slug":"history","status":"publish","type":"page","link":"https:\/\/www.grandricci.org\/en\/lassociation\/history\/","title":{"rendered":"History"},"content":{"rendered":"<div class=\"wpb-content-wrapper\"><p>[vc_section][vc_row][vc_column width=&#8221;1\/3&#8243;][vc_single_image image=&#8221;2606&#8243; img_size=&#8221;full&#8221;][\/vc_column][vc_column width=&#8221;2\/3&#8243;][stm_title title_tag=&#8221;h2&#8243; title_color=&#8221;custom&#8221; title=&#8221;Le dictionnaire&#8221; title_color_custom=&#8221;#cc9304&#8243;][\/stm_title][vc_column_text]L\u2019histoire du\u00a0<i>Grand Ricci<\/i> est fort longue et pleine des p\u00e9rip\u00e9ties qui ont secou\u00e9 le si\u00e8cle. Elle est excellemment cont\u00e9e dans <a href=\"https:\/\/www.grandricci.org\/wp-content\/uploads\/2020\/07\/histoire_preface.pdf\" target=\"_blank\" rel=\"noopener noreferrer\">la pr\u00e9face de l&#8217;ouvrage<\/a>\u00a0qui n\u2019est pas seulement historique mais \u00e9galement morale. Elle narre en effet le parcours d\u2019une volont\u00e9 et le triomphe de l\u2019obstination sur les tentations du renoncement.<\/p>\n<p>La presse unanime salua avec effusion la naissance de ce monument de la sinologie fran\u00e7aise et mondiale qu\u2019est le\u00a0<i>Grand Ricci<\/i>. Vous trouverez ici un petit extrait de la revue de presse \u00e0 la parution de l&#8217;ouvrage, en provenance de\u00a0<a href=\"https:\/\/www.grandricci.org\/wp-content\/uploads\/2020\/07\/histoire_liberation.pdf\" target=\"_blank\" rel=\"noopener noreferrer\">Lib\u00e9ration<\/a>,\u00a0<a href=\"https:\/\/www.grandricci.org\/wp-content\/uploads\/2020\/07\/histoire_lemonde.pdf\" target=\"_blank\" rel=\"noopener noreferrer\">Le Monde<\/a>\u00a0et de la\u00a0<a href=\"https:\/\/www.grandricci.org\/wp-content\/uploads\/2020\/07\/histoire_fareasterneconomicreview.pdf\" target=\"_blank\" rel=\"noopener noreferrer\">Far Eastern Economic Review<\/a>, pour faire court mais tr\u00e8s significatif, et le\u00a0<a href=\"https:\/\/www.grandricci.org\/wp-content\/uploads\/2020\/07\/histoire_fairepart.pdf\" target=\"_blank\" rel=\"noopener noreferrer\">faire-part<\/a>\u00a0d\u2019une naissance annonc\u00e9e.<\/p>\n<p>Le nom du\u00a0<i>Grand Ricci<\/i>\u00a0est ins\u00e9parable de la m\u00e9moire fondatrice des grands anciens qui nous ont quitt\u00e9s. Retrouvons-les ici dans un essai tr\u00e8s autobiographique du\u00a0<a href=\"https:\/\/www.grandricci.org\/wp-content\/uploads\/2020\/07\/histoire_raguin.pdf\" target=\"_blank\" rel=\"noopener noreferrer\">P\u00e8re Raguin<\/a>, un \u00e9loge fun\u00e8bre du\u00a0P\u00e8re Larre\u00a0et une inscription sur le\u00a0<a href=\"https:\/\/www.grandricci.org\/wp-content\/uploads\/2020\/07\/histoire_lefeuvre.pdf\" target=\"_blank\" rel=\"noopener noreferrer\">P\u00e8re Lefeuvre<\/a>.<\/p>\n<p>A tous les trois tr\u00e8s affectueusement et avec reconnaissance.[\/vc_column_text][\/vc_column][\/vc_row][vc_row][vc_column width=&#8221;2\/3&#8243;][stm_title title_tag=&#8221;h2&#8243; title_color=&#8221;custom&#8221; title=&#8221;Matteo Ricci&#8221; title_color_custom=&#8221;#cc9304&#8243;][\/stm_title][vc_column_text]Pourquoi nous sommes-nous efforc\u00e9s de publier le Grand Ricci num\u00e9rique en 2010 \u00e0 temps pour le pr\u00e9senter \u00e0 Shanghai lors de l\u2019Exposition universelle, le 11 mai 2010, 400 ans jour pour jour apr\u00e8s la mort de Matteo Ricci \u00e0 P\u00e9kin, dont le 400\u00e8me anniversaire fit l&#8217;objet de c\u00e9l\u00e9brations en Chine, en Italie, en France et au Vatican ?<\/p>\n<p>Parce que nous y v\u00eemes un signe, des signes, sans doute.<\/p>\n<p>En effet, Matteo Ricci est toujours tr\u00e8s connu en Chine sous le nom de Li Madou dont la st\u00e8le tombale, entretenue sous les r\u00e9gimes successifs par les autorit\u00e9s, se trouve dans l\u2019ancien cimeti\u00e8re des missionnaires de Zhalan, au coeur de l\u2019\u00c9cole Centrale du Parti \u00e0 P\u00e9kin. Ce cimeti\u00e8re fut \u00abinaugur\u00e9\u00bb par Ricci sur une faveur sp\u00e9ciale de l\u2019empereur Wanli envers \u00abun \u00e9tranger estim\u00e9\u00bb On y compte aussi les st\u00e8les de Adam Schall et de Ferdinand Verbiest. Sur un autre versant, Li Madou a aussi int\u00e9gr\u00e9 le panth\u00e9on des shen de la religion tao\u00efste populaire dans certains temples.<\/p>\n<p>Pour conna\u00eetre celui dont nous portons le nom et, d\u2019une certaine mani\u00e8re, dont nous prolongeons la trajectoire et nous inspirons encore, voici quelques r\u00e9f\u00e9rences en ligne sur la vie et l&#8217;\u0153uvre de Matteo Ricci.<\/p>\n<ul>\n<li><a href=\"https:\/\/www.grandricci.org\/wp-content\/uploads\/2020\/07\/histoire_bibliographie.pdf\" target=\"_blank\" rel=\"noopener noreferrer\">Une bibliographie des oeuvres de Ricci et des travaux sur Ricci<\/a>\u00a0disponible ici \u00e0 travers la courtoisie de\u00a0<a href=\"http:\/\/www.istitutomatteoricci.com\/\" target=\"_blank\" rel=\"noopener noreferrer\">l&#8217;Institut Matteo Ricci de Macerata<\/a>.<\/li>\n<\/ul>\n<p>&nbsp;<\/p>\n<ul>\n<li><a href=\"https:\/\/www.grandricci.org\/wp-content\/uploads\/2020\/07\/histoire_gernet.pdf\" target=\"_blank\" rel=\"noopener noreferrer\">Un article<\/a>\u00a0de Jacques Gernet sur la politique de conversion de Matteo Ricci, extrait des Archives des sciences sociales des religions, Ann\u00e9e 1973, Volume 36, Num\u00e9ro 1<\/li>\n<\/ul>\n<p>&nbsp;<\/p>\n<ul>\n<li><a href=\"https:\/\/www.grandricci.org\/wp-content\/uploads\/2020\/07\/histoire_jami.pdf\" target=\"_blank\" rel=\"noopener noreferrer\">Un article<\/a>\u00a0sur les math\u00e9matiques occidentales en Chine de 1607 \u00e0 1782 (Jami, IUFM, LR).<\/li>\n<\/ul>\n<p>&nbsp;<\/p>\n<ul>\n<li><a href=\"http:\/\/www.matteo-ricci.org\/Bilan\/bilan_niv2.html\" target=\"_blank\" rel=\"noopener noreferrer\">Un site web<\/a>\u00a0sp\u00e9cialement compil\u00e9 pour l&#8217;Ann\u00e9e Ricci en France.<\/li>\n<\/ul>\n<p>[\/vc_column_text][\/vc_column][vc_column width=&#8221;1\/3&#8243;][vc_single_image image=&#8221;2620&#8243; img_size=&#8221;full&#8221;][\/vc_column][\/vc_row][\/vc_section][vc_row][vc_column width=&#8221;1\/4&#8243;][\/vc_column][vc_column width=&#8221;2\/4&#8243;][vc_column_text]<\/p>\n<div style=\"width: 720px;\" class=\"wp-video\"><video class=\"wp-video-shortcode\" id=\"video-3239-1\" width=\"720\" height=\"576\" preload=\"metadata\" controls=\"controls\"><source type=\"video\/mp4\" src=\"https:\/\/www.grandricci.org\/wp-content\/uploads\/2020\/07\/ba-le-grand-ricci-1_zklGTV4U.compressed.mp4?_=1\" \/><a href=\"https:\/\/www.grandricci.org\/wp-content\/uploads\/2020\/07\/ba-le-grand-ricci-1_zklGTV4U.compressed.mp4\">https:\/\/www.grandricci.org\/wp-content\/uploads\/2020\/07\/ba-le-grand-ricci-1_zklGTV4U.compressed.mp4<\/a><\/video><\/div>\n<p>[\/vc_column_text][vc_column_text]<\/p>\n<p><small><em>Une vid\u00e9o de Jean-Claude Luyat<\/em><\/small><\/p>\n<p>[\/vc_column_text][\/vc_column][vc_column width=&#8221;1\/4&#8243;][\/vc_column][\/vc_row]<\/p>\n<\/div>","protected":false},"excerpt":{"rendered":"<p>[vc_section][vc_row][vc_column width=&#8221;1\/3&#8243;][vc_single_image image=&#8221;2606&#8243; img_size=&#8221;full&#8221;][\/vc_column][vc_column width=&#8221;2\/3&#8243;][stm_title title_tag=&#8221;h2&#8243; title_color=&#8221;custom&#8221; title=&#8221;Le dictionnaire&#8221; title_color_custom=&#8221;#cc9304&#8243;][\/stm_title][vc_column_text]L\u2019histoire du\u00a0Grand Ricci est fort longue et pleine des p\u00e9rip\u00e9ties qui ont secou\u00e9 le si\u00e8cle. Elle est excellemment cont\u00e9e dans la pr\u00e9face de l&#8217;ouvrage\u00a0qui n\u2019est pas seulement historique mais \u00e9galement morale. Elle narre en effet le parcours d\u2019une volont\u00e9 et le triomphe de l\u2019obstination sur les [&hellip;]<\/p>\n","protected":false},"author":1,"featured_media":0,"parent":3068,"menu_order":0,"comment_status":"closed","ping_status":"closed","template":"","meta":{"footnotes":""},"class_list":["post-3239","page","type-page","status-publish","hentry"],"_links":{"self":[{"href":"https:\/\/www.grandricci.org\/en\/wp-json\/wp\/v2\/pages\/3239","targetHints":{"allow":["GET"]}}],"collection":[{"href":"https:\/\/www.grandricci.org\/en\/wp-json\/wp\/v2\/pages"}],"about":[{"href":"https:\/\/www.grandricci.org\/en\/wp-json\/wp\/v2\/types\/page"}],"author":[{"embeddable":true,"href":"https:\/\/www.grandricci.org\/en\/wp-json\/wp\/v2\/users\/1"}],"replies":[{"embeddable":true,"href":"https:\/\/www.grandricci.org\/en\/wp-json\/wp\/v2\/comments?post=3239"}],"version-history":[{"count":3,"href":"https:\/\/www.grandricci.org\/en\/wp-json\/wp\/v2\/pages\/3239\/revisions"}],"predecessor-version":[{"id":3671,"href":"https:\/\/www.grandricci.org\/en\/wp-json\/wp\/v2\/pages\/3239\/revisions\/3671"}],"up":[{"embeddable":true,"href":"https:\/\/www.grandricci.org\/en\/wp-json\/wp\/v2\/pages\/3068"}],"wp:attachment":[{"href":"https:\/\/www.grandricci.org\/en\/wp-json\/wp\/v2\/media?parent=3239"}],"curies":[{"name":"wp","href":"https:\/\/api.w.org\/{rel}","templated":true}]}}