{"id":3081,"date":"2016-07-08T13:54:03","date_gmt":"2016-07-08T11:54:03","guid":{"rendered":"https:\/\/www.grandricci.org\/home\/"},"modified":"2020-07-08T16:44:20","modified_gmt":"2020-07-08T14:44:20","slug":"home","status":"publish","type":"page","link":"https:\/\/www.grandricci.org\/en\/","title":{"rendered":"Home"},"content":{"rendered":"<div class=\"wpb-content-wrapper\"><p>[vc_row css=&#8221;.vc_custom_1471270116615{margin-bottom: 0px !important;}&#8221;][vc_column][rev_slider_vc alias=&#8221;home_slider&#8221;][\/vc_column][\/vc_row][vc_row css=&#8221;.vc_custom_1471322378628{margin-bottom: 32px !important;}&#8221;][vc_column width=&#8221;1\/4&#8243;][stm_rev_slider_nav title=&#8221;Le Grand Ricci est accessible sur iOS et sur Android&#8221; slide_number=&#8221;1&#8243; item_sub_title=&#8221;Le Grand Ricci en Ligne&#8221;][\/vc_column][vc_column width=&#8221;1\/4&#8243;][stm_rev_slider_nav title=&#8221;Pr\u00e9server les donn\u00e9es du dictionnaire&#8221; slide_number=&#8221;2&#8243; icon=&#8221;&#8221; icon_height=&#8221;&#8221; item_sub_title=&#8221;Ricci Perpetuel&#8221;][\/vc_column][vc_column width=&#8221;1\/4&#8243;][stm_rev_slider_nav title=&#8221;Nos partenaires et des m\u00e9c\u00e8nes&#8221; slide_number=&#8221;3&#8243; icon=&#8221;&#8221; icon_height=&#8221;&#8221; item_sub_title=&#8221;M\u00e9c\u00e9nat&#8221;][\/vc_column][vc_column width=&#8221;1\/4&#8243;][stm_rev_slider_nav title=&#8221;La newsletter de l&#8217;association&#8221; slide_number=&#8221;4&#8243; icon=&#8221;&#8221; icon_height=&#8221;&#8221; item_sub_title=&#8221;La Lettre Cidian&#8221;][\/vc_column][\/vc_row][vc_section full_width=&#8221;stretch_row&#8221;][vc_row css=&#8221;.vc_custom_1593164842927{background-color: #f5f5f5 !important;}&#8221;][vc_column width=&#8221;3\/5&#8243; css=&#8221;.vc_custom_1471004146248{margin-bottom: 28px !important;}&#8221;][stm_title title_tag=&#8221;h2&#8243; title=&#8221;Bienvenue !&#8221;][\/stm_title][vc_column_text]Bienvenue \u00e0 tous sur le site de l\u2019Association Ricci du grand dictionnaire de la langue chinoise !<br \/>\nNotre association \u0153uvre pour une meilleure compr\u00e9hension de la Chine et de sa culture. Pour ce faire elle dispose d\u2019un moyen unique : le Grand dictionnaire Ricci de la langue chinoise. Appel\u00e9 couramment le Grand Ricci, il s\u2019agit du plus important dictionnaire bilingue jamais r\u00e9alis\u00e9 entre le chinois et une langue europ\u00e9enne. La mission de l\u2019association est de promouvoir ce dictionnaire et d\u2019en \u00e9diter d\u2019autres, essentiellement th\u00e9matiques, tels le Dictionnaire Ricci des plantes de Chine, le Dictionnaire Ricci du droit chinois (en ligne uniquement) ainsi que d\u2019autres, actuellement en pr\u00e9paration, tels les futurs Dictionnaire Ricci de la m\u00e9decine traditionnelle chinoise et le Dictionnaire Ricci des inscriptions sur bronzes.<\/p>\n<p>Cr\u00e9\u00e9e en 1987 \u00e0 l\u2019initiative de la Compagnie de J\u00e9sus \u00e0 l\u2019origine du Grand Ricci, notamment<br \/>\nles p\u00e8res Claude Larre et Yves Raguin, l\u2019Association Ricci est maintenant pr\u00e9sente en France,<br \/>\nen Chine continentale et \u00e0 Hong-Kong. Elle est uniquement financ\u00e9e par m\u00e9c\u00e9nat et partenariats avec des entreprises, des institutions publiques et des particuliers qui souhaitent s\u2019associer \u00e0 ses projets.<\/p>\n<p>Bonne d\u00e9couverte !<\/p>\n<p style=\"text-align: right;\"><strong>Le bureau<br \/>\nClaude Haberer (pr\u00e9sident), Hubert Bazin, V\u00e9ronique Cheynet-Cluzel, Chia-Lin Coispeau, Nicolette de Ferri\u00e8res, Serge Liepao, Pierre Marsone.<\/strong><\/p>\n<p>[\/vc_column_text][\/vc_column][vc_column width=&#8221;2\/5&#8243;][vc_single_image image=&#8221;2440&#8243; img_size=&#8221;large&#8221;][\/vc_column][\/vc_row][\/vc_section][vc_section full_width=&#8221;stretch_row&#8221; css=&#8221;.vc_custom_1593166911970{background-color: #ffffff !important;}&#8221;][vc_row css=&#8221;.vc_custom_1593166535131{background-color: #ffffff !important;}&#8221;][vc_column width=&#8221;3\/4&#8243;][stm_title title_tag=&#8221;h2&#8243; title_more_link_font_weight=&#8221;500&#8243; title_more_sep_color=&#8221;white&#8221; title_more_link_enable=&#8221;true&#8221; title=&#8221;Les derni\u00e8res actualit\u00e9s&#8221; title_more_link=&#8221;url:https%3A%2F%2Fwww.grandricci.org%2Factualite%2F|title:Voir%20toutes%20les%20actus||&#8221; title_more_link_font_size=&#8221;12px&#8221;][\/stm_title][vc_basic_grid post_type=&#8221;actualite&#8221; max_items=&#8221;3&#8243; style=&#8221;pagination&#8221; items_per_page=&#8221;3&#8243; paging_design=&#8221;none&#8221; grid_id=&#8221;vc_gid:1594215931927-69b4f8cf-5efd-5&#8243;][\/vc_column][vc_column width=&#8221;1\/4&#8243; el_class=&#8221;newsletter-section&#8221;][stm_mailchimp icon=&#8221;true&#8221; title=&#8221;Abonnez-vous&#8221; desc=&#8221;\u00e0 notre newsletter&#8221;][vc_column_text]\n<div class=\"wpcf7 no-js\" id=\"wpcf7-f3188-o1\" lang=\"fr-FR\" dir=\"ltr\" data-wpcf7-id=\"3188\">\n<div class=\"screen-reader-response\"><p role=\"status\" aria-live=\"polite\" aria-atomic=\"true\"><\/p> <ul><\/ul><\/div>\n<form action=\"\/en\/wp-json\/wp\/v2\/pages\/3081#wpcf7-f3188-o1\" method=\"post\" class=\"wpcf7-form init\" aria-label=\"Formulaire de contact\" novalidate=\"novalidate\" data-status=\"init\">\n<fieldset class=\"hidden-fields-container\"><input type=\"hidden\" name=\"_wpcf7\" value=\"3188\" \/><input type=\"hidden\" name=\"_wpcf7_version\" value=\"6.1.2\" \/><input type=\"hidden\" name=\"_wpcf7_locale\" value=\"fr_FR\" \/><input type=\"hidden\" name=\"_wpcf7_unit_tag\" value=\"wpcf7-f3188-o1\" \/><input type=\"hidden\" name=\"_wpcf7_container_post\" value=\"0\" \/><input type=\"hidden\" name=\"_wpcf7_posted_data_hash\" value=\"\" \/>\n<\/fieldset>\n<div class=\"newsletter-section\">\n\t<p><span class=\"wpcf7-form-control-wrap\" data-name=\"your-email\"><input size=\"40\" maxlength=\"400\" class=\"wpcf7-form-control wpcf7-email wpcf7-validates-as-required wpcf7-text wpcf7-validates-as-email\" aria-required=\"true\" aria-invalid=\"false\" placeholder=\"Votre email!\" value=\"\" type=\"email\" name=\"your-email\" \/><\/span><br \/>\n<input class=\"wpcf7-form-control wpcf7-submit has-spinner\" type=\"submit\" value=\"INSCRIPTION\" \/>\n\t<\/p>\n<\/div>\n<p class='xoruxi'><span class=\"wpcf7-form-control-wrap\" data-name=\"xoruxi\"><input size=\"40\" maxlength=\"400\" class=\"wpcf7-form-control wpcf7-text\" aria-invalid=\"false\" value=\"\" type=\"text\" name=\"xoruxi\" \/><\/span>\n<\/p><p style=\"display: none !important;\" class=\"akismet-fields-container\" data-prefix=\"_wpcf7_ak_\"><label>&#916;<textarea name=\"_wpcf7_ak_hp_textarea\" cols=\"45\" rows=\"8\" maxlength=\"100\"><\/textarea><\/label><input type=\"hidden\" id=\"ak_js_1\" name=\"_wpcf7_ak_js\" value=\"192\"\/><script>document.getElementById( \"ak_js_1\" ).setAttribute( \"value\", ( new Date() ).getTime() );<\/script><\/p><div class=\"wpcf7-response-output\" aria-hidden=\"true\"><\/div>\n<\/form>\n<\/div>\n[\/vc_column_text][\/vc_column][\/vc_row][\/vc_section][vc_section content_placement=&#8221;middle&#8221;][vc_row content_placement=&#8221;middle&#8221;][vc_column][stm_title title_tag=&#8221;h2&#8243; title=&#8221;Les Ouvrages&#8221;][\/stm_title]<div id=\"ult-carousel-104621889669e197c925343\" class=\"ult-carousel-wrapper   ult_horizontal\" data-gutter=\"15\" data-rtl=\"false\" ><div class=\"ult-carousel-150568798769e197c9251a2 \" >[vc_single_image image=&#8221;2901&#8243; img_size=&#8221;ouvrages&#8221; onclick=&#8221;custom_link&#8221; link=&#8221;https:\/\/www.grandricci.org\/ouvrage\/le-grand-dictionnaire-ricci-de-la-langue-chinoise-dit-le-grand-ricci\/&#8221;][vc_single_image image=&#8221;2898&#8243; img_size=&#8221;ouvrages&#8221; onclick=&#8221;custom_link&#8221; link=&#8221;https:\/\/www.grandricci.org\/ouvrage\/apercus-de-civilisation-chinoise\/&#8221;][vc_single_image image=&#8221;2885&#8243; img_size=&#8221;ouvrages&#8221; onclick=&#8221;custom_link&#8221; link=&#8221;https:\/\/www.grandricci.org\/ouvrage\/dictionnaire-ricci-de-caracteres-chinois\/&#8221;][vc_single_image image=&#8221;2494&#8243; img_size=&#8221;ouvrages&#8221; onclick=&#8221;custom_link&#8221; link=&#8221;https:\/\/www.grandricci.org\/ouvrage\/dictionnaire-ricci-des-plantes-de-chine\/&#8221;]<\/div><\/div>\t\t\t<script type=\"text\/javascript\">\n\t\t\t\tjQuery(document).ready(function ($) {\n\t\t\t\t\tif( typeof jQuery('.ult-carousel-150568798769e197c9251a2').slick == \"function\"){\n\t\t\t\t\t\t$('.ult-carousel-150568798769e197c9251a2').slick({dots: true,autoplay: true,autoplaySpeed: 5000,speed: 300,infinite: true,arrows: true,nextArrow: '<button type=\"button\" role=\"button\" aria-label=\"Next\" style=\"color:#333333; font-size:20px;\" class=\"slick-next default\"><i class=\"ultsl-arrow-right6\"><\/i><\/button>',prevArrow: '<button type=\"button\" role=\"button\" aria-label=\"Previous\" style=\"color:#333333; font-size:20px;\" class=\"slick-prev default\"><i class=\"ultsl-arrow-left6\"><\/i><\/button>',slidesToScroll:4,slidesToShow:4,swipe: true,draggable: true,touchMove: true,pauseOnHover: true,pauseOnFocus: false,responsive: [\n\t\t\t\t\t\t\t{\n\t\t\t\t\t\t\t  breakpoint: 1026,\n\t\t\t\t\t\t\t  settings: {\n\t\t\t\t\t\t\t\tslidesToShow: 4,\n\t\t\t\t\t\t\t\tslidesToScroll: 4,  \n\t\t\t\t\t\t\t  }\n\t\t\t\t\t\t\t},\n\t\t\t\t\t\t\t{\n\t\t\t\t\t\t\t  breakpoint: 1025,\n\t\t\t\t\t\t\t  settings: {\n\t\t\t\t\t\t\t\tslidesToShow: 3,\n\t\t\t\t\t\t\t\tslidesToScroll: 3\n\t\t\t\t\t\t\t  }\n\t\t\t\t\t\t\t},\n\t\t\t\t\t\t\t{\n\t\t\t\t\t\t\t  breakpoint: 760,\n\t\t\t\t\t\t\t  settings: {\n\t\t\t\t\t\t\t\tslidesToShow: 2,\n\t\t\t\t\t\t\t\tslidesToScroll: 2\n\t\t\t\t\t\t\t  }\n\t\t\t\t\t\t\t}\n\t\t\t\t\t\t],pauseOnDotsHover: true,customPaging: function(slider, i) {\n                   return '<i type=\"button\" style= \"color:#333333;\" class=\"ultsl-record\" data-role=\"none\"><\/i>';\n                },});\n\t\t\t\t\t}\n\t\t\t\t});\n\t\t\t<\/script>\n\t\t\t[\/vc_column][\/vc_row][\/vc_section]<\/p>\n<\/div>","protected":false},"excerpt":{"rendered":"<p>[vc_row css=&#8221;.vc_custom_1471270116615{margin-bottom: 0px !important;}&#8221;][vc_column][rev_slider_vc alias=&#8221;home_slider&#8221;][\/vc_column][\/vc_row][vc_row css=&#8221;.vc_custom_1471322378628{margin-bottom: 32px !important;}&#8221;][vc_column width=&#8221;1\/4&#8243;][stm_rev_slider_nav title=&#8221;Le Grand Ricci est accessible sur iOS et sur Android&#8221; slide_number=&#8221;1&#8243; item_sub_title=&#8221;Le Grand Ricci en Ligne&#8221;][\/vc_column][vc_column width=&#8221;1\/4&#8243;][stm_rev_slider_nav title=&#8221;Pr\u00e9server les donn\u00e9es du dictionnaire&#8221; slide_number=&#8221;2&#8243; icon=&#8221;&#8221; icon_height=&#8221;&#8221; item_sub_title=&#8221;Ricci Perpetuel&#8221;][\/vc_column][vc_column width=&#8221;1\/4&#8243;][stm_rev_slider_nav title=&#8221;Nos partenaires et des m\u00e9c\u00e8nes&#8221; slide_number=&#8221;3&#8243; icon=&#8221;&#8221; icon_height=&#8221;&#8221; item_sub_title=&#8221;M\u00e9c\u00e9nat&#8221;][\/vc_column][vc_column width=&#8221;1\/4&#8243;][stm_rev_slider_nav title=&#8221;La newsletter de l&#8217;association&#8221; slide_number=&#8221;4&#8243; icon=&#8221;&#8221; icon_height=&#8221;&#8221; item_sub_title=&#8221;La [&hellip;]<\/p>\n","protected":false},"author":1,"featured_media":0,"parent":0,"menu_order":0,"comment_status":"closed","ping_status":"closed","template":"","meta":{"footnotes":""},"class_list":["post-3081","page","type-page","status-publish","hentry"],"_links":{"self":[{"href":"https:\/\/www.grandricci.org\/en\/wp-json\/wp\/v2\/pages\/3081","targetHints":{"allow":["GET"]}}],"collection":[{"href":"https:\/\/www.grandricci.org\/en\/wp-json\/wp\/v2\/pages"}],"about":[{"href":"https:\/\/www.grandricci.org\/en\/wp-json\/wp\/v2\/types\/page"}],"author":[{"embeddable":true,"href":"https:\/\/www.grandricci.org\/en\/wp-json\/wp\/v2\/users\/1"}],"replies":[{"embeddable":true,"href":"https:\/\/www.grandricci.org\/en\/wp-json\/wp\/v2\/comments?post=3081"}],"version-history":[{"count":2,"href":"https:\/\/www.grandricci.org\/en\/wp-json\/wp\/v2\/pages\/3081\/revisions"}],"predecessor-version":[{"id":3205,"href":"https:\/\/www.grandricci.org\/en\/wp-json\/wp\/v2\/pages\/3081\/revisions\/3205"}],"wp:attachment":[{"href":"https:\/\/www.grandricci.org\/en\/wp-json\/wp\/v2\/media?parent=3081"}],"curies":[{"name":"wp","href":"https:\/\/api.w.org\/{rel}","templated":true}]}}